{"id":11,"date":"2024-05-13T10:08:44","date_gmt":"2024-05-13T10:08:44","guid":{"rendered":"https:\/\/h9731139.hostingrd.pl\/wp\/?page_id=11"},"modified":"2024-11-12T08:35:09","modified_gmt":"2024-11-12T08:35:09","slug":"strona-glowna-2","status":"publish","type":"page","link":"https:\/\/h9731139.hostingrd.pl\/wp\/","title":{"rendered":"Nasz Sklep to Nasze marzenie"},"content":{"rendered":"\n<p class=\"wp-block-paragraph\">Nasz sklepowy zesp\u00f3\u0142 sprzedaje dewocjonalia od bardzo dawna. Wiedza zdobyta przez ten czas pozwala nam przygotowa\u0107 najlepsz\u0105 ofert\u0119 dewocjonali\u00f3w i artyku\u0142\u00f3w ko\u015bcielnych. Specjalnie dla naszych klient\u00f3w wybieramy z produkty naj\u0142adniejsze, najlepsze, najtrwalsze, dobieraj\u0105c asortyment tak aby ka\u017cdy m\u00f3g\u0142 wybra\u0107 co\u015b odpowiedniego dla siebie lub swoich bliskich.<\/p>\n\n\n\n<figure class=\"wp-block-image size-large is-style-rounded\"><img loading=\"lazy\" decoding=\"async\" width=\"1024\" height=\"768\" src=\"https:\/\/h9731139.hostingrd.pl\/wp\/wp-content\/uploads\/2024\/05\/sztuka_2-1024x768.jpg\" alt=\"\" class=\"wp-image-24\" srcset=\"https:\/\/h9731139.hostingrd.pl\/wp\/wp-content\/uploads\/2024\/05\/sztuka_2-1024x768.jpg 1024w, https:\/\/h9731139.hostingrd.pl\/wp\/wp-content\/uploads\/2024\/05\/sztuka_2-300x225.jpg 300w, https:\/\/h9731139.hostingrd.pl\/wp\/wp-content\/uploads\/2024\/05\/sztuka_2-768x576.jpg 768w, https:\/\/h9731139.hostingrd.pl\/wp\/wp-content\/uploads\/2024\/05\/sztuka_2.jpg 1100w\" sizes=\"auto, (max-width: 767px) 89vw, (max-width: 1000px) 54vw, (max-width: 1071px) 543px, 580px\" \/><\/figure>\n\n\n\n<h6 class=\"wp-block-heading\">Ka\u017cdy klient mo\u017ce liczy\u0107 u Nas na indywidualne podej\u015bcie, s\u0142u\u017cymy rad\u0105 i pomoc\u0105 w wyborze.<\/h6>\n\n\n\n<p class=\"wp-block-paragraph\">Nasi stali klienci s\u0105 bardzo zadowoleni, przyprowadzaj\u0105 rodziny i znajomych. Kupuj\u0105 u nas zwykli ludzie, oraz osoby duchowne.<\/p>\n\n\n\n<figure class=\"wp-block-image size-large is-style-rounded\"><img loading=\"lazy\" decoding=\"async\" width=\"1024\" height=\"768\" src=\"https:\/\/h9731139.hostingrd.pl\/wp\/wp-content\/uploads\/2024\/05\/sztuka_3-1024x768.jpg\" alt=\"\" class=\"wp-image-25\" srcset=\"https:\/\/h9731139.hostingrd.pl\/wp\/wp-content\/uploads\/2024\/05\/sztuka_3-1024x768.jpg 1024w, https:\/\/h9731139.hostingrd.pl\/wp\/wp-content\/uploads\/2024\/05\/sztuka_3-300x225.jpg 300w, https:\/\/h9731139.hostingrd.pl\/wp\/wp-content\/uploads\/2024\/05\/sztuka_3-768x576.jpg 768w, https:\/\/h9731139.hostingrd.pl\/wp\/wp-content\/uploads\/2024\/05\/sztuka_3.jpg 1100w\" sizes=\"auto, (max-width: 767px) 89vw, (max-width: 1000px) 54vw, (max-width: 1071px) 543px, 580px\" \/><\/figure>\n\n\n\n<p class=\"wp-block-paragraph\"><strong>W naszym sklepie mo\u017cesz zobaczy\u0107 oraz kupi\u0107:<\/strong><\/p>\n\n\n\n<div class=\"wp-block-group is-layout-grid wp-container-core-group-is-layout-9d260ee2 wp-block-group-is-layout-grid\">\n<p class=\"wp-block-paragraph\">Medaliony i Medaliki <\/p>\n\n\n\n<p class=\"wp-block-paragraph\">Ryngrafy i srebra <\/p>\n\n\n\n<p class=\"wp-block-paragraph\">R\u00f3\u017cance \u015awiece <\/p>\n\n\n\n<p class=\"wp-block-paragraph\"> Komplety kol\u0119dowe<\/p>\n\n\n\n<p class=\"wp-block-paragraph\">Obrazy i ikony <\/p>\n\n\n\n<p class=\"wp-block-paragraph\">Witra\u017ce<\/p>\n\n\n\n<p class=\"wp-block-paragraph\">Prezenty i kartki do \u015alubu<\/p>\n\n\n\n<p class=\"wp-block-paragraph\">Biblie i ksi\u0105\u017cki religijne<\/p>\n\n\n\n<p class=\"wp-block-paragraph\">Krzy\u017ce i figurki<\/p>\n\n\n\n<p class=\"wp-block-paragraph\">Artyku\u0142y do chrztu<\/p>\n\n\n\n<p class=\"wp-block-paragraph\">Artyku\u0142y do komunii <\/p>\n\n\n\n<p class=\"wp-block-paragraph\">Naczynia liturgiczne<\/p>\n\n\n\n<p class=\"wp-block-paragraph\">Szopki i lampiony na Bo\u017ce Narodzenie<\/p>\n<\/div>\n\n\n\n<p class=\"wp-block-paragraph\"><\/p>\n\n\n\n<figure class=\"wp-block-gallery has-nested-images columns-default is-cropped wp-block-gallery-1 is-layout-flex wp-block-gallery-is-layout-flex\">\n<figure class=\"wp-block-image size-large is-style-rounded\"><img loading=\"lazy\" decoding=\"async\" width=\"1024\" height=\"614\" data-id=\"35\" src=\"https:\/\/h9731139.hostingrd.pl\/wp\/wp-content\/uploads\/2024\/05\/cropped-sztuka_1-1024x614.jpg\" alt=\"\" class=\"wp-image-35\" srcset=\"https:\/\/h9731139.hostingrd.pl\/wp\/wp-content\/uploads\/2024\/05\/cropped-sztuka_1-1024x614.jpg 1024w, https:\/\/h9731139.hostingrd.pl\/wp\/wp-content\/uploads\/2024\/05\/cropped-sztuka_1-300x180.jpg 300w, https:\/\/h9731139.hostingrd.pl\/wp\/wp-content\/uploads\/2024\/05\/cropped-sztuka_1-768x460.jpg 768w, https:\/\/h9731139.hostingrd.pl\/wp\/wp-content\/uploads\/2024\/05\/cropped-sztuka_1-1536x921.jpg 1536w, https:\/\/h9731139.hostingrd.pl\/wp\/wp-content\/uploads\/2024\/05\/cropped-sztuka_1.jpg 2000w\" sizes=\"auto, (max-width: 767px) 89vw, (max-width: 1000px) 54vw, (max-width: 1071px) 543px, 580px\" \/><\/figure>\n<\/figure>\n\n\n\n<h6 class=\"wp-block-heading\">My trzy i Wy<\/h6>\n\n\n\n<p class=\"wp-block-paragraph\">Ka\u017cda z Nas posiada troch\u0119 inne cechy oraz wiedz\u0119. Jak nie dobierze jedna to pomo\u017ce druga. Ostatecznie trzecia znajdzie rozwi\u0105zanie nietypowe i klient wyjdzie od nas z u\u015bmiechem.<\/p>\n\n\n\n<figure class=\"wp-block-gallery has-nested-images columns-default is-cropped wp-block-gallery-2 is-layout-flex wp-block-gallery-is-layout-flex\">\n<figure class=\"wp-block-image size-large is-style-rounded\"><img loading=\"lazy\" decoding=\"async\" width=\"300\" height=\"200\" data-id=\"77\" src=\"https:\/\/h9731139.hostingrd.pl\/wp\/wp-content\/uploads\/2024\/05\/sztuka_6.jpg\" alt=\"\" class=\"wp-image-77\"\/><\/figure>\n\n\n\n<figure class=\"wp-block-image size-large is-style-rounded\"><img loading=\"lazy\" decoding=\"async\" width=\"300\" height=\"200\" data-id=\"76\" src=\"https:\/\/h9731139.hostingrd.pl\/wp\/wp-content\/uploads\/2024\/05\/sztuka_5.jpg\" alt=\"\" class=\"wp-image-76\"\/><\/figure>\n\n\n\n<figure class=\"wp-block-image size-large is-style-rounded\"><img loading=\"lazy\" decoding=\"async\" width=\"300\" height=\"200\" data-id=\"75\" src=\"https:\/\/h9731139.hostingrd.pl\/wp\/wp-content\/uploads\/2024\/05\/sztuka_4.jpg\" alt=\"\" class=\"wp-image-75\"\/><\/figure>\n<\/figure>\n","protected":false},"excerpt":{"rendered":"<p>Nasz sklepowy zesp\u00f3\u0142 sprzedaje dewocjonalia od bardzo dawna. Wiedza zdobyta przez ten czas pozwala nam przygotowa\u0107 najlepsz\u0105 ofert\u0119 dewocjonali\u00f3w i artyku\u0142\u00f3w ko\u015bcielnych. Specjalnie dla naszych klient\u00f3w wybieramy z produkty naj\u0142adniejsze, najlepsze, najtrwalsze, dobieraj\u0105c asortyment tak aby ka\u017cdy m\u00f3g\u0142 wybra\u0107 co\u015b odpowiedniego dla siebie lub swoich bliskich. Ka\u017cdy klient mo\u017ce liczy\u0107 u Nas na indywidualne podej\u015bcie, &hellip; <\/p>\n<p class=\"link-more\"><a href=\"https:\/\/h9731139.hostingrd.pl\/wp\/\" class=\"more-link\">Czytaj dalej<span class=\"screen-reader-text\"> \u201eNasz Sklep to Nasze marzenie\u201d<\/span><\/a><\/p>\n","protected":false},"author":1,"featured_media":0,"parent":0,"menu_order":0,"comment_status":"closed","ping_status":"closed","template":"","meta":{"_crdt_document":"","footnotes":""},"class_list":["post-11","page","type-page","status-publish","hentry"],"_links":{"self":[{"href":"https:\/\/h9731139.hostingrd.pl\/wp\/wp-json\/wp\/v2\/pages\/11","targetHints":{"allow":["GET"]}}],"collection":[{"href":"https:\/\/h9731139.hostingrd.pl\/wp\/wp-json\/wp\/v2\/pages"}],"about":[{"href":"https:\/\/h9731139.hostingrd.pl\/wp\/wp-json\/wp\/v2\/types\/page"}],"author":[{"embeddable":true,"href":"https:\/\/h9731139.hostingrd.pl\/wp\/wp-json\/wp\/v2\/users\/1"}],"replies":[{"embeddable":true,"href":"https:\/\/h9731139.hostingrd.pl\/wp\/wp-json\/wp\/v2\/comments?post=11"}],"version-history":[{"count":8,"href":"https:\/\/h9731139.hostingrd.pl\/wp\/wp-json\/wp\/v2\/pages\/11\/revisions"}],"predecessor-version":[{"id":173,"href":"https:\/\/h9731139.hostingrd.pl\/wp\/wp-json\/wp\/v2\/pages\/11\/revisions\/173"}],"wp:attachment":[{"href":"https:\/\/h9731139.hostingrd.pl\/wp\/wp-json\/wp\/v2\/media?parent=11"}],"curies":[{"name":"wp","href":"https:\/\/api.w.org\/{rel}","templated":true}]}}